{"id":8246,"date":"2021-06-21T17:31:18","date_gmt":"2021-06-21T15:31:18","guid":{"rendered":"https:\/\/lestudiomoderne.fr\/contact\/"},"modified":"2021-06-21T17:31:24","modified_gmt":"2021-06-21T15:31:24","slug":"contact","status":"publish","type":"page","link":"https:\/\/lestudiomoderne.fr\/en\/contact\/","title":{"rendered":"Contact"},"content":{"rendered":"\t\t<div data-elementor-type=\"wp-page\" data-elementor-id=\"8246\" class=\"elementor elementor-8246\">\n\t\t\t\t\t\t\t\t\t<section class=\"elementor-section elementor-top-section elementor-element elementor-element-7a683a7 elementor-section-full_width elementor-section-height-default elementor-section-height-default qodef-elementor-content-no elementor-invisible\" data-id=\"7a683a7\" data-element_type=\"section\" data-settings=\"{&quot;background_background&quot;:&quot;classic&quot;,&quot;animation&quot;:&quot;fadeIn&quot;}\">\n\t\t\t\t\t\t<div class=\"elementor-container elementor-column-gap-default\">\n\t\t\t\t\t<div class=\"elementor-column elementor-col-100 elementor-top-column elementor-element elementor-element-7536281\" data-id=\"7536281\" data-element_type=\"column\">\n\t\t\t<div class=\"elementor-widget-wrap elementor-element-populated\">\n\t\t\t\t\t\t\t\t<div class=\"elementor-element elementor-element-ded79c4 elementor-widget elementor-widget-borgholm_core_google_map\" data-id=\"ded79c4\" data-element_type=\"widget\" data-widget_type=\"borgholm_core_google_map.default\">\n\t\t\t\t<div class=\"elementor-widget-container\">\n\t\t\t<div class=\"qodef-shortcode qodef-m  qodef-google-map\">\n\t<div class=\"qodef-m-map\" id=\"qodef-map-id--1\" data-addresses='[\"10 rue Nicolas Appert, 75011 Paris\"]' data-pin=https:\/\/lestudiomoderne.fr\/wp-content\/uploads\/2021\/03\/icon_lsm___.png data-unique-id=1 data-height=453><\/div>\n<\/div>\t\t<\/div>\n\t\t\t\t<\/div>\n\t\t\t\t<div class=\"elementor-element elementor-element-6a3373a elementor-widget elementor-widget-spacer\" data-id=\"6a3373a\" data-element_type=\"widget\" data-widget_type=\"spacer.default\">\n\t\t\t\t<div class=\"elementor-widget-container\">\n\t\t\t\t\t<div class=\"elementor-spacer\">\n\t\t\t<div class=\"elementor-spacer-inner\"><\/div>\n\t\t<\/div>\n\t\t\t\t<\/div>\n\t\t\t\t<\/div>\n\t\t\t\t\t<\/div>\n\t\t<\/div>\n\t\t\t\t\t\t\t<\/div>\n\t\t<\/section>\n\t\t\t\t<section class=\"elementor-section elementor-top-section elementor-element elementor-element-01a6e00 elementor-section-full_width elementor-section-height-default elementor-section-height-default qodef-elementor-content-no\" data-id=\"01a6e00\" data-element_type=\"section\">\n\t\t\t\t\t\t<div class=\"elementor-container elementor-column-gap-default\">\n\t\t\t\t\t<div class=\"elementor-column elementor-col-100 elementor-top-column elementor-element elementor-element-2c3afa9\" data-id=\"2c3afa9\" data-element_type=\"column\">\n\t\t\t<div class=\"elementor-widget-wrap elementor-element-populated\">\n\t\t\t\t\t\t\t\t<div class=\"elementor-element elementor-element-e6bdab8 elementor-widget elementor-widget-heading\" data-id=\"e6bdab8\" data-element_type=\"widget\" data-widget_type=\"heading.default\">\n\t\t\t\t<div class=\"elementor-widget-container\">\n\t\t\t<h2 class=\"elementor-heading-title elementor-size-default\">10 rue Nicolas Appert <\/br>75011 Paris<\/h2>\t\t<\/div>\n\t\t\t\t<\/div>\n\t\t\t\t\t<\/div>\n\t\t<\/div>\n\t\t\t\t\t\t\t<\/div>\n\t\t<\/section>\n\t\t\t\t<section class=\"elementor-section elementor-top-section elementor-element elementor-element-7b2c37e elementor-section-full_width elementor-section-height-default elementor-section-height-default qodef-elementor-content-no\" data-id=\"7b2c37e\" data-element_type=\"section\">\n\t\t\t\t\t\t<div class=\"elementor-container elementor-column-gap-default\">\n\t\t\t\t\t<div class=\"elementor-column elementor-col-25 elementor-top-column elementor-element elementor-element-559fa53\" data-id=\"559fa53\" data-element_type=\"column\">\n\t\t\t<div class=\"elementor-widget-wrap elementor-element-populated\">\n\t\t\t\t\t\t\t\t<div class=\"elementor-element elementor-element-4b330b7 elementor-widget-divider--view-line elementor-widget elementor-widget-divider\" data-id=\"4b330b7\" data-element_type=\"widget\" data-widget_type=\"divider.default\">\n\t\t\t\t<div class=\"elementor-widget-container\">\n\t\t\t\t\t<div class=\"elementor-divider\">\n\t\t\t<span class=\"elementor-divider-separator\">\n\t\t\t\t\t\t<\/span>\n\t\t<\/div>\n\t\t\t\t<\/div>\n\t\t\t\t<\/div>\n\t\t\t\t<div class=\"elementor-element elementor-element-4fcf707 elementor-widget elementor-widget-heading\" data-id=\"4fcf707\" data-element_type=\"widget\" data-widget_type=\"heading.default\">\n\t\t\t\t<div class=\"elementor-widget-container\">\n\t\t\t<p class=\"elementor-heading-title elementor-size-default\">M\u00c9TRO<\/p>\t\t<\/div>\n\t\t\t\t<\/div>\n\t\t\t\t<div class=\"elementor-element elementor-element-9198fa9 elementor-widget elementor-widget-text-editor\" data-id=\"9198fa9\" data-element_type=\"widget\" data-widget_type=\"text-editor.default\">\n\t\t\t\t<div class=\"elementor-widget-container\">\n\t\t\t\t\t\t\t<p><strong>CHEMIN-VERT<\/strong><br \/>LIGNE 8<\/p>\n<p><strong>RICHARD-LENOIR<\/strong><br \/>LIGNE 5<\/p>\n\t\t\t\t\t\t<\/div>\n\t\t\t\t<\/div>\n\t\t\t\t\t<\/div>\n\t\t<\/div>\n\t\t\t\t<div class=\"elementor-column elementor-col-25 elementor-top-column elementor-element elementor-element-014f605\" data-id=\"014f605\" data-element_type=\"column\">\n\t\t\t<div class=\"elementor-widget-wrap elementor-element-populated\">\n\t\t\t\t\t\t\t\t<div class=\"elementor-element elementor-element-22ee7de elementor-widget-divider--view-line elementor-widget elementor-widget-divider\" data-id=\"22ee7de\" data-element_type=\"widget\" data-widget_type=\"divider.default\">\n\t\t\t\t<div class=\"elementor-widget-container\">\n\t\t\t\t\t<div class=\"elementor-divider\">\n\t\t\t<span class=\"elementor-divider-separator\">\n\t\t\t\t\t\t<\/span>\n\t\t<\/div>\n\t\t\t\t<\/div>\n\t\t\t\t<\/div>\n\t\t\t\t<div class=\"elementor-element elementor-element-ac36f8f elementor-widget elementor-widget-heading\" data-id=\"ac36f8f\" data-element_type=\"widget\" data-widget_type=\"heading.default\">\n\t\t\t\t<div class=\"elementor-widget-container\">\n\t\t\t<p class=\"elementor-heading-title elementor-size-default\">BUS<\/p>\t\t<\/div>\n\t\t\t\t<\/div>\n\t\t\t\t<div class=\"elementor-element elementor-element-22939b5 elementor-widget elementor-widget-text-editor\" data-id=\"22939b5\" data-element_type=\"widget\" data-widget_type=\"text-editor.default\">\n\t\t\t\t<div class=\"elementor-widget-container\">\n\t\t\t\t\t\t\t<p><strong>SAINT GILLES &#8211; CHEMIN VERT<\/strong><br \/>LIGNE 20<\/p>\n<p><strong>SAINT GILLES &#8211; CHEMIN VERT<\/strong><br \/>LIGNE 65<\/p>\n\t\t\t\t\t\t<\/div>\n\t\t\t\t<\/div>\n\t\t\t\t\t<\/div>\n\t\t<\/div>\n\t\t\t\t<div class=\"elementor-column elementor-col-25 elementor-top-column elementor-element elementor-element-8b566bb\" data-id=\"8b566bb\" data-element_type=\"column\">\n\t\t\t<div class=\"elementor-widget-wrap elementor-element-populated\">\n\t\t\t\t\t\t\t\t<div class=\"elementor-element elementor-element-aa6d2ec elementor-widget-divider--view-line elementor-widget elementor-widget-divider\" data-id=\"aa6d2ec\" data-element_type=\"widget\" data-widget_type=\"divider.default\">\n\t\t\t\t<div class=\"elementor-widget-container\">\n\t\t\t\t\t<div class=\"elementor-divider\">\n\t\t\t<span class=\"elementor-divider-separator\">\n\t\t\t\t\t\t<\/span>\n\t\t<\/div>\n\t\t\t\t<\/div>\n\t\t\t\t<\/div>\n\t\t\t\t<div class=\"elementor-element elementor-element-99dce65 elementor-widget elementor-widget-heading\" data-id=\"99dce65\" data-element_type=\"widget\" data-widget_type=\"heading.default\">\n\t\t\t\t<div class=\"elementor-widget-container\">\n\t\t\t<p class=\"elementor-heading-title elementor-size-default\">V\u00c9LIB<\/p>\t\t<\/div>\n\t\t\t\t<\/div>\n\t\t\t\t<div class=\"elementor-element elementor-element-1b695a3 elementor-widget elementor-widget-text-editor\" data-id=\"1b695a3\" data-element_type=\"widget\" data-widget_type=\"text-editor.default\">\n\t\t\t\t<div class=\"elementor-widget-container\">\n\t\t\t\t\t\t\t<p><strong>STATION N\u00b0 11103<\/strong><br \/>21 RUE PEL\u00c9E<br \/>75011 PARIS<\/p>\n\t\t\t\t\t\t<\/div>\n\t\t\t\t<\/div>\n\t\t\t\t\t<\/div>\n\t\t<\/div>\n\t\t\t\t<div class=\"elementor-column elementor-col-25 elementor-top-column elementor-element elementor-element-3ebc916\" data-id=\"3ebc916\" data-element_type=\"column\">\n\t\t\t<div class=\"elementor-widget-wrap elementor-element-populated\">\n\t\t\t\t\t\t\t\t<div class=\"elementor-element elementor-element-e92a09a elementor-widget-divider--view-line elementor-widget elementor-widget-divider\" data-id=\"e92a09a\" data-element_type=\"widget\" data-widget_type=\"divider.default\">\n\t\t\t\t<div class=\"elementor-widget-container\">\n\t\t\t\t\t<div class=\"elementor-divider\">\n\t\t\t<span class=\"elementor-divider-separator\">\n\t\t\t\t\t\t<\/span>\n\t\t<\/div>\n\t\t\t\t<\/div>\n\t\t\t\t<\/div>\n\t\t\t\t<div class=\"elementor-element elementor-element-a63e92c elementor-widget elementor-widget-heading\" data-id=\"a63e92c\" data-element_type=\"widget\" data-widget_type=\"heading.default\">\n\t\t\t\t<div class=\"elementor-widget-container\">\n\t\t\t<p class=\"elementor-heading-title elementor-size-default\">V\u00c9HICULE \u00c9LECTRIQUE<\/p>\t\t<\/div>\n\t\t\t\t<\/div>\n\t\t\t\t<div class=\"elementor-element elementor-element-0adca18 elementor-widget elementor-widget-text-editor\" data-id=\"0adca18\" data-element_type=\"widget\" data-widget_type=\"text-editor.default\">\n\t\t\t\t<div class=\"elementor-widget-container\">\n\t\t\t\t\t\t\t<p><strong>STATION BELIB<\/strong><br \/>87 BOULEVARD BEAUMARCHAIS<br \/>75003 PARIS<\/p>\n\t\t\t\t\t\t<\/div>\n\t\t\t\t<\/div>\n\t\t\t\t\t<\/div>\n\t\t<\/div>\n\t\t\t\t\t\t\t<\/div>\n\t\t<\/section>\n\t\t\t\t<section class=\"elementor-section elementor-top-section elementor-element elementor-element-b659235 elementor-section-full_width elementor-section-height-default elementor-section-height-default qodef-elementor-content-no\" data-id=\"b659235\" data-element_type=\"section\">\n\t\t\t\t\t\t<div class=\"elementor-container elementor-column-gap-default\">\n\t\t\t\t\t<div class=\"elementor-column elementor-col-50 elementor-top-column elementor-element elementor-element-3fe309e\" data-id=\"3fe309e\" data-element_type=\"column\">\n\t\t\t<div class=\"elementor-widget-wrap elementor-element-populated\">\n\t\t\t\t\t\t\t\t<div class=\"elementor-element elementor-element-a2bd9ae elementor-widget-divider--view-line elementor-widget elementor-widget-divider\" data-id=\"a2bd9ae\" data-element_type=\"widget\" data-widget_type=\"divider.default\">\n\t\t\t\t<div class=\"elementor-widget-container\">\n\t\t\t\t\t<div class=\"elementor-divider\">\n\t\t\t<span class=\"elementor-divider-separator\">\n\t\t\t\t\t\t<\/span>\n\t\t<\/div>\n\t\t\t\t<\/div>\n\t\t\t\t<\/div>\n\t\t\t\t<div class=\"elementor-element elementor-element-9c4d081 elementor-widget elementor-widget-heading\" data-id=\"9c4d081\" data-element_type=\"widget\" data-widget_type=\"heading.default\">\n\t\t\t\t<div class=\"elementor-widget-container\">\n\t\t\t<p class=\"elementor-heading-title elementor-size-default\">BOOKING<\/p>\t\t<\/div>\n\t\t\t\t<\/div>\n\t\t\t\t<div class=\"elementor-element elementor-element-4d1dd55 elementor-widget elementor-widget-text-editor\" data-id=\"4d1dd55\" data-element_type=\"widget\" data-widget_type=\"text-editor.default\">\n\t\t\t\t<div class=\"elementor-widget-container\">\n\t\t\t\t\t\t\t<p><strong>HORAIRES<\/strong><br \/>LUNDI \u2013 VENDREDI | 10H \u2013 19H<\/p>\n<p><strong>T\u00c9L\u00c9PHONE<\/strong><br \/>MARGAUX LEJEUNE | + 33 06 43 40 15 25<\/p>\n<p><strong>EMAIL<\/strong><br \/><a href=\"mailto:booking@lestudiomoderne.fr\">BOOKING@LESTUDIOMODERNE.FR<\/a><\/p>\n\t\t\t\t\t\t<\/div>\n\t\t\t\t<\/div>\n\t\t\t\t\t<\/div>\n\t\t<\/div>\n\t\t\t\t<div class=\"elementor-column elementor-col-50 elementor-top-column elementor-element elementor-element-b5db766\" data-id=\"b5db766\" data-element_type=\"column\">\n\t\t\t<div class=\"elementor-widget-wrap elementor-element-populated\">\n\t\t\t\t\t\t\t\t<div class=\"elementor-element elementor-element-77ce6ee elementor-widget-divider--view-line elementor-widget elementor-widget-divider\" data-id=\"77ce6ee\" data-element_type=\"widget\" data-widget_type=\"divider.default\">\n\t\t\t\t<div class=\"elementor-widget-container\">\n\t\t\t\t\t<div class=\"elementor-divider\">\n\t\t\t<span class=\"elementor-divider-separator\">\n\t\t\t\t\t\t<\/span>\n\t\t<\/div>\n\t\t\t\t<\/div>\n\t\t\t\t<\/div>\n\t\t\t\t<div class=\"elementor-element elementor-element-2597787 elementor-widget elementor-widget-heading\" data-id=\"2597787\" data-element_type=\"widget\" data-widget_type=\"heading.default\">\n\t\t\t\t<div class=\"elementor-widget-container\">\n\t\t\t<p class=\"elementor-heading-title elementor-size-default\">STUDIO MANAGER\/  DIRECTION<\/p>\t\t<\/div>\n\t\t\t\t<\/div>\n\t\t\t\t<div class=\"elementor-element elementor-element-c190b2d elementor-widget elementor-widget-text-editor\" data-id=\"c190b2d\" data-element_type=\"widget\" data-widget_type=\"text-editor.default\">\n\t\t\t\t<div class=\"elementor-widget-container\">\n\t\t\t\t\t\t\t<p><strong>HORAIRES<\/strong><br \/>LUNDI \u2013 VENDREDI | 10H \u2013 19H<\/p>\n<p><strong>T\u00c9L\u00c9PHONE<\/strong><br \/>JULIEN DELPLACE | + 33 06 31 79 81 24<\/p>\n<p><strong>EMAIL<\/strong><br \/><a href=\"mailto:regie@lestudiomoderne.fr\">REGIE@LESTUDIOMODERNE.FR<\/a><\/p>\n\t\t\t\t\t\t<\/div>\n\t\t\t\t<\/div>\n\t\t\t\t\t<\/div>\n\t\t<\/div>\n\t\t\t\t\t\t\t<\/div>\n\t\t<\/section>\n\t\t\t\t<section class=\"elementor-section elementor-top-section elementor-element elementor-element-83cce27 elementor-section-full_width elementor-section-height-default elementor-section-height-default qodef-elementor-content-no\" data-id=\"83cce27\" data-element_type=\"section\">\n\t\t\t\t\t\t<div class=\"elementor-container elementor-column-gap-default\">\n\t\t\t\t\t<div class=\"elementor-column elementor-col-50 elementor-top-column elementor-element elementor-element-e1cd6ce\" data-id=\"e1cd6ce\" data-element_type=\"column\">\n\t\t\t<div class=\"elementor-widget-wrap elementor-element-populated\">\n\t\t\t\t\t\t\t\t<div class=\"elementor-element elementor-element-fa5ff2b elementor-widget-divider--view-line elementor-widget elementor-widget-divider\" data-id=\"fa5ff2b\" data-element_type=\"widget\" data-widget_type=\"divider.default\">\n\t\t\t\t<div class=\"elementor-widget-container\">\n\t\t\t\t\t<div class=\"elementor-divider\">\n\t\t\t<span class=\"elementor-divider-separator\">\n\t\t\t\t\t\t<\/span>\n\t\t<\/div>\n\t\t\t\t<\/div>\n\t\t\t\t<\/div>\n\t\t\t\t<div class=\"elementor-element elementor-element-b0803b7 elementor-widget elementor-widget-heading\" data-id=\"b0803b7\" data-element_type=\"widget\" data-widget_type=\"heading.default\">\n\t\t\t\t<div class=\"elementor-widget-container\">\n\t\t\t<p class=\"elementor-heading-title elementor-size-default\">COMPTABILIT\u00c9<\/p>\t\t<\/div>\n\t\t\t\t<\/div>\n\t\t\t\t<div class=\"elementor-element elementor-element-06cc110 elementor-widget elementor-widget-text-editor\" data-id=\"06cc110\" data-element_type=\"widget\" data-widget_type=\"text-editor.default\">\n\t\t\t\t<div class=\"elementor-widget-container\">\n\t\t\t\t\t\t\t<p><strong>HORAIRES<\/strong><br \/>LUNDI \u2013 VENDREDI | 10H \u2013 19H<\/p>\n<p><strong>T\u00c9L\u00c9PHONE<\/strong><br \/>PAULINE ARHAN | + 33 06 12 32 85 27\u202c<\/p>\n<p><strong>EMAIL<\/strong><br \/><a href=\"mailto:compta@lestudiomoderne.fr\">COMPTA@LESTUDIOMODERNE.FR<\/a><\/p>\n\t\t\t\t\t\t<\/div>\n\t\t\t\t<\/div>\n\t\t\t\t\t<\/div>\n\t\t<\/div>\n\t\t\t\t<div class=\"elementor-column elementor-col-50 elementor-top-column elementor-element elementor-element-7cce003\" data-id=\"7cce003\" data-element_type=\"column\">\n\t\t\t<div class=\"elementor-widget-wrap elementor-element-populated\">\n\t\t\t\t\t\t\t\t<div class=\"elementor-element elementor-element-01fc884 elementor-widget-divider--view-line elementor-widget elementor-widget-divider\" data-id=\"01fc884\" data-element_type=\"widget\" data-widget_type=\"divider.default\">\n\t\t\t\t<div class=\"elementor-widget-container\">\n\t\t\t\t\t<div class=\"elementor-divider\">\n\t\t\t<span class=\"elementor-divider-separator\">\n\t\t\t\t\t\t<\/span>\n\t\t<\/div>\n\t\t\t\t<\/div>\n\t\t\t\t<\/div>\n\t\t\t\t<div class=\"elementor-element elementor-element-37f2200 elementor-widget elementor-widget-heading\" data-id=\"37f2200\" data-element_type=\"widget\" data-widget_type=\"heading.default\">\n\t\t\t\t<div class=\"elementor-widget-container\">\n\t\t\t<p class=\"elementor-heading-title elementor-size-default\">PLATEAUX<\/p>\t\t<\/div>\n\t\t\t\t<\/div>\n\t\t\t\t<div class=\"elementor-element elementor-element-292d8bf elementor-widget elementor-widget-text-editor\" data-id=\"292d8bf\" data-element_type=\"widget\" data-widget_type=\"text-editor.default\">\n\t\t\t\t<div class=\"elementor-widget-container\">\n\t\t\t\t\t\t\t<p>LIGNES DIRECTES<\/p>\n<p><strong>PLATEAU 1<\/strong><br \/>+ 33 01 75 51 01 52<\/p>\n<p><strong>PLATEAU 2<\/strong><br \/>+ 33 01 43 57 02 91<\/p>\n<p><strong>PLATEAU 3<\/strong><br \/>+ 33 01 48 07 13 30<\/p>\n\t\t\t\t\t\t<\/div>\n\t\t\t\t<\/div>\n\t\t\t\t\t<\/div>\n\t\t<\/div>\n\t\t\t\t\t\t\t<\/div>\n\t\t<\/section>\n\t\t\t\t<section class=\"elementor-section elementor-top-section elementor-element elementor-element-6ad113a elementor-section-full_width elementor-section-height-default elementor-section-height-default qodef-elementor-content-no\" data-id=\"6ad113a\" data-element_type=\"section\">\n\t\t\t\t\t\t<div class=\"elementor-container elementor-column-gap-default\">\n\t\t\t\t\t<div class=\"elementor-column elementor-col-100 elementor-top-column elementor-element elementor-element-537f113\" data-id=\"537f113\" data-element_type=\"column\">\n\t\t\t<div class=\"elementor-widget-wrap elementor-element-populated\">\n\t\t\t\t\t\t\t\t<div class=\"elementor-element elementor-element-5366744 elementor-widget-divider--view-line elementor-widget elementor-widget-divider\" data-id=\"5366744\" data-element_type=\"widget\" data-widget_type=\"divider.default\">\n\t\t\t\t<div class=\"elementor-widget-container\">\n\t\t\t\t\t<div class=\"elementor-divider\">\n\t\t\t<span class=\"elementor-divider-separator\">\n\t\t\t\t\t\t<\/span>\n\t\t<\/div>\n\t\t\t\t<\/div>\n\t\t\t\t<\/div>\n\t\t\t\t<div class=\"elementor-element elementor-element-1e1d791 elementor-align-justify elementor-widget elementor-widget-button\" data-id=\"1e1d791\" data-element_type=\"widget\" data-widget_type=\"button.default\">\n\t\t\t\t<div class=\"elementor-widget-container\">\n\t\t\t\t\t<div class=\"elementor-button-wrapper\">\n\t\t\t<a href=\"https:\/\/lestudiomoderne.fr\/wp-content\/uploads\/2021\/03\/CGV.pdf\" class=\"elementor-button-link elementor-button elementor-size-xs\" role=\"button\">\n\t\t\t\t\t\t<span class=\"elementor-button-content-wrapper\">\n\t\t\t\t\t\t<span class=\"elementor-button-text\">CONDITIONS G\u00c9N\u00c9RALES DE VENTE\u200b<\/span>\n\t\t<\/span>\n\t\t\t\t\t<\/a>\n\t\t<\/div>\n\t\t\t\t<\/div>\n\t\t\t\t<\/div>\n\t\t\t\t\t<\/div>\n\t\t<\/div>\n\t\t\t\t\t\t\t<\/div>\n\t\t<\/section>\n\t\t\t\t<section class=\"elementor-section elementor-top-section elementor-element elementor-element-45c5c0f elementor-section-boxed elementor-section-height-default elementor-section-height-default qodef-elementor-content-no\" data-id=\"45c5c0f\" data-element_type=\"section\">\n\t\t\t\t\t\t<div class=\"elementor-container elementor-column-gap-default\">\n\t\t\t\t\t<div class=\"elementor-column elementor-col-100 elementor-top-column elementor-element elementor-element-f628848\" data-id=\"f628848\" data-element_type=\"column\">\n\t\t\t<div class=\"elementor-widget-wrap elementor-element-populated\">\n\t\t\t\t\t\t\t\t<div class=\"elementor-element elementor-element-8411066 elementor-widget elementor-widget-spacer\" data-id=\"8411066\" data-element_type=\"widget\" data-widget_type=\"spacer.default\">\n\t\t\t\t<div class=\"elementor-widget-container\">\n\t\t\t\t\t<div class=\"elementor-spacer\">\n\t\t\t<div class=\"elementor-spacer-inner\"><\/div>\n\t\t<\/div>\n\t\t\t\t<\/div>\n\t\t\t\t<\/div>\n\t\t\t\t\t<\/div>\n\t\t<\/div>\n\t\t\t\t\t\t\t<\/div>\n\t\t<\/section>\n\t\t\t\t\t\t\t<\/div>\n\t\t","protected":false},"excerpt":{"rendered":"<p>10 rue Nicolas Appert 75011 Paris M\u00c9TRO CHEMIN-VERTLIGNE 8 RICHARD-LENOIRLIGNE 5 BUS SAINT GILLES &#8211; CHEMIN VERTLIGNE 20 SAINT GILLES &#8211; CHEMIN VERTLIGNE 65 V\u00c9LIB STATION N\u00b0 1110321 RUE PEL\u00c9E75011 PARIS V\u00c9HICULE \u00c9LECTRIQUE STATION BELIB87 BOULEVARD BEAUMARCHAIS75003 PARIS BOOKING HORAIRESLUNDI \u2013 VENDREDI | 10H \u2013 19H T\u00c9L\u00c9PHONEMARGAUX LEJEUNE | + 33 06 43 40 15 [&hellip;]<\/p>\n","protected":false},"author":1,"featured_media":0,"parent":0,"menu_order":0,"comment_status":"closed","ping_status":"closed","template":"page-full-width.php","meta":{"footnotes":""},"class_list":["post-8246","page","type-page","status-publish","hentry"],"yoast_head":"<!-- This site is optimized with the Yoast SEO plugin v16.0.2 - https:\/\/yoast.com\/wordpress\/plugins\/seo\/ -->\n<title>Le Studio Moderne - Contact<\/title>\n<meta name=\"description\" content=\"10 RUE NICOLAS APPERT - 75011 PARIS\" \/>\n<link rel=\"canonical\" href=\"https:\/\/lestudiomoderne.fr\/en\/contact\/\" \/>\n<meta property=\"og:locale\" content=\"en_US\" \/>\n<meta property=\"og:type\" content=\"article\" \/>\n<meta property=\"og:title\" content=\"Le Studio Moderne - Contact\" \/>\n<meta property=\"og:description\" content=\"10 RUE NICOLAS APPERT - 75011 PARIS\" \/>\n<meta property=\"og:url\" content=\"https:\/\/lestudiomoderne.fr\/contact\/\" \/>\n<meta property=\"og:site_name\" content=\"Le Studio Moderne\" \/>\n<meta property=\"article:publisher\" content=\"https:\/\/www.facebook.com\/LeStudioModerne\" \/>\n<meta property=\"article:modified_time\" content=\"2021-06-21T15:31:24+00:00\" \/>\n<meta property=\"og:image\" content=\"https:\/\/lestudiomoderne.fr\/wp-content\/uploads\/2021\/02\/le-studio-moderne-plateau-03-paris-75011-republique-bastille-photoshoot-shoot-film-fashion.jpg\" \/>\n\t<meta property=\"og:image:width\" content=\"2000\" \/>\n\t<meta property=\"og:image:height\" content=\"1333\" \/>\n<meta name=\"twitter:card\" content=\"summary_large_image\" \/>\n<script type=\"application\/ld+json\" class=\"yoast-schema-graph\">{\"@context\":\"https:\/\/schema.org\",\"@graph\":[{\"@type\":\"Organization\",\"@id\":\"https:\/\/lestudiomoderne.fr\/#organization\",\"name\":\"Le Studio Moderne\",\"url\":\"https:\/\/lestudiomoderne.fr\/\",\"sameAs\":[\"https:\/\/www.facebook.com\/LeStudioModerne\",\"https:\/\/www.instagram.com\/lestudiomoderne\/\"],\"logo\":{\"@type\":\"ImageObject\",\"@id\":\"https:\/\/lestudiomoderne.fr\/#logo\",\"inLanguage\":\"en-US\",\"url\":\"https:\/\/lestudiomoderne.fr\/wp-content\/uploads\/2021\/02\/Logo-LSM.svg\",\"caption\":\"Le Studio Moderne\"},\"image\":{\"@id\":\"https:\/\/lestudiomoderne.fr\/#logo\"}},{\"@type\":\"WebSite\",\"@id\":\"https:\/\/lestudiomoderne.fr\/#website\",\"url\":\"https:\/\/lestudiomoderne.fr\/\",\"name\":\"Le Studio Moderne\",\"description\":\"3 plateaux au coeur de Paris : 200m2, 150m2 &amp; 110m2\",\"publisher\":{\"@id\":\"https:\/\/lestudiomoderne.fr\/#organization\"},\"potentialAction\":[{\"@type\":\"SearchAction\",\"target\":\"https:\/\/lestudiomoderne.fr\/?s={search_term_string}\",\"query-input\":\"required name=search_term_string\"}],\"inLanguage\":\"en-US\"},{\"@type\":\"WebPage\",\"@id\":\"https:\/\/lestudiomoderne.fr\/contact\/#webpage\",\"url\":\"https:\/\/lestudiomoderne.fr\/contact\/\",\"name\":\"Le Studio Moderne - Contact\",\"isPartOf\":{\"@id\":\"https:\/\/lestudiomoderne.fr\/#website\"},\"datePublished\":\"2021-06-21T15:31:18+00:00\",\"dateModified\":\"2021-06-21T15:31:24+00:00\",\"description\":\"10 RUE NICOLAS APPERT - 75011 PARIS\",\"breadcrumb\":{\"@id\":\"https:\/\/lestudiomoderne.fr\/contact\/#breadcrumb\"},\"inLanguage\":\"en-US\",\"potentialAction\":[{\"@type\":\"ReadAction\",\"target\":[\"https:\/\/lestudiomoderne.fr\/contact\/\"]}]},{\"@type\":\"BreadcrumbList\",\"@id\":\"https:\/\/lestudiomoderne.fr\/contact\/#breadcrumb\",\"itemListElement\":[{\"@type\":\"ListItem\",\"position\":1,\"item\":{\"@type\":\"WebPage\",\"@id\":\"https:\/\/lestudiomoderne.fr\/en\/__trashed\/\",\"url\":\"https:\/\/lestudiomoderne.fr\/en\/__trashed\/\",\"name\":\"Accueil\"}},{\"@type\":\"ListItem\",\"position\":2,\"item\":{\"@type\":\"WebPage\",\"@id\":\"https:\/\/lestudiomoderne.fr\/contact\/\",\"url\":\"https:\/\/lestudiomoderne.fr\/contact\/\",\"name\":\"Contact\"}}]}]}<\/script>\n<!-- \/ Yoast SEO plugin. -->","_links":{"self":[{"href":"https:\/\/lestudiomoderne.fr\/en\/wp-json\/wp\/v2\/pages\/8246","targetHints":{"allow":["GET"]}}],"collection":[{"href":"https:\/\/lestudiomoderne.fr\/en\/wp-json\/wp\/v2\/pages"}],"about":[{"href":"https:\/\/lestudiomoderne.fr\/en\/wp-json\/wp\/v2\/types\/page"}],"author":[{"embeddable":true,"href":"https:\/\/lestudiomoderne.fr\/en\/wp-json\/wp\/v2\/users\/1"}],"replies":[{"embeddable":true,"href":"https:\/\/lestudiomoderne.fr\/en\/wp-json\/wp\/v2\/comments?post=8246"}],"version-history":[{"count":3,"href":"https:\/\/lestudiomoderne.fr\/en\/wp-json\/wp\/v2\/pages\/8246\/revisions"}],"predecessor-version":[{"id":8249,"href":"https:\/\/lestudiomoderne.fr\/en\/wp-json\/wp\/v2\/pages\/8246\/revisions\/8249"}],"wp:attachment":[{"href":"https:\/\/lestudiomoderne.fr\/en\/wp-json\/wp\/v2\/media?parent=8246"}],"curies":[{"name":"wp","href":"https:\/\/api.w.org\/{rel}","templated":true}]}}